{"id":10365,"date":"2023-08-28T04:13:32","date_gmt":"2023-08-28T04:13:32","guid":{"rendered":"https:\/\/cyria.net\/?page_id=10365"},"modified":"2023-09-14T15:26:05","modified_gmt":"2023-09-14T15:26:05","slug":"conditions-generales-dutilisation","status":"publish","type":"page","link":"https:\/\/cyria.net\/de\/allgemeine-bedingungen-der-nutzung\/","title":{"rendered":"Conditions g\u00e9n\u00e9rales d&#8217;utilisation"},"content":{"rendered":"","protected":false},"excerpt":{"rendered":"","protected":false},"author":1,"featured_media":0,"parent":0,"menu_order":0,"comment_status":"closed","ping_status":"closed","template":"page-templates\/cgu.php","meta":{"_seopress_robots_primary_cat":"","_seopress_titles_title":"Conditions G\u00e9n\u00e9rales d&#039;Utilisation | CYRIA Mobilier Urbain ","_seopress_titles_desc":"Consultez les conditions g\u00e9n\u00e9rales d&#039;utilisation de CYRIA, fabricant de mobilier urbain. ","_seopress_robots_index":"","inline_featured_image":false,"footnotes":""},"class_list":["post-10365","page","type-page","status-publish","hentry"],"_links":{"self":[{"href":"https:\/\/cyria.net\/de\/wp-json\/wp\/v2\/pages\/10365","targetHints":{"allow":["GET"]}}],"collection":[{"href":"https:\/\/cyria.net\/de\/wp-json\/wp\/v2\/pages"}],"about":[{"href":"https:\/\/cyria.net\/de\/wp-json\/wp\/v2\/types\/page"}],"author":[{"embeddable":true,"href":"https:\/\/cyria.net\/de\/wp-json\/wp\/v2\/users\/1"}],"replies":[{"embeddable":true,"href":"https:\/\/cyria.net\/de\/wp-json\/wp\/v2\/comments?post=10365"}],"version-history":[{"count":0,"href":"https:\/\/cyria.net\/de\/wp-json\/wp\/v2\/pages\/10365\/revisions"}],"wp:attachment":[{"href":"https:\/\/cyria.net\/de\/wp-json\/wp\/v2\/media?parent=10365"}],"curies":[{"name":"wp","href":"https:\/\/api.w.org\/{rel}","templated":true}]}}