{"id":117,"date":"2022-03-31T12:51:36","date_gmt":"2022-03-31T12:51:36","guid":{"rendered":"https:\/\/cyria.net\/?page_id=117"},"modified":"2023-12-07T11:50:25","modified_gmt":"2023-12-07T11:50:25","slug":"mobilier-urbain-blog","status":"publish","type":"page","link":"https:\/\/cyria.net\/de\/blog\/","title":{"rendered":"BLOG"},"content":{"rendered":"","protected":false},"excerpt":{"rendered":"","protected":false},"author":1,"featured_media":0,"parent":0,"menu_order":0,"comment_status":"closed","ping_status":"closed","template":"page-templates\/template_blog.php","meta":{"_seopress_robots_primary_cat":"","_seopress_titles_title":"Blog Mobilier Urbain et Am\u00e9nagement Urbain | CYRIA","_seopress_titles_desc":"Parcourez notre blog d\u00e9di\u00e9 au mobilier urbain et \u00e0 l&#039;am\u00e9nagement urbain. Restez inform\u00e9 des derni\u00e8res tendances et innovations en mobilier urbain design.","_seopress_robots_index":"yes","inline_featured_image":false,"footnotes":""},"class_list":["post-117","page","type-page","status-publish","hentry"],"_links":{"self":[{"href":"https:\/\/cyria.net\/de\/wp-json\/wp\/v2\/pages\/117","targetHints":{"allow":["GET"]}}],"collection":[{"href":"https:\/\/cyria.net\/de\/wp-json\/wp\/v2\/pages"}],"about":[{"href":"https:\/\/cyria.net\/de\/wp-json\/wp\/v2\/types\/page"}],"author":[{"embeddable":true,"href":"https:\/\/cyria.net\/de\/wp-json\/wp\/v2\/users\/1"}],"replies":[{"embeddable":true,"href":"https:\/\/cyria.net\/de\/wp-json\/wp\/v2\/comments?post=117"}],"version-history":[{"count":0,"href":"https:\/\/cyria.net\/de\/wp-json\/wp\/v2\/pages\/117\/revisions"}],"wp:attachment":[{"href":"https:\/\/cyria.net\/de\/wp-json\/wp\/v2\/media?parent=117"}],"curies":[{"name":"wp","href":"https:\/\/api.w.org\/{rel}","templated":true}]}}