{"id":1298,"date":"2022-05-03T07:36:14","date_gmt":"2022-05-03T07:36:14","guid":{"rendered":"https:\/\/cyria.net\/?page_id=1298"},"modified":"2024-04-09T14:18:08","modified_gmt":"2024-04-09T14:18:08","slug":"mentions-legales","status":"publish","type":"page","link":"https:\/\/cyria.net\/de\/legale-erwahnungen\/","title":{"rendered":"Rechtliche Hinweise"},"content":{"rendered":"<div id=\"sliderML\" class=\"vc_row wpb_row vc_row-fluid\"><div class=\"wpb_column vc_column_container vc_col-sm-12\"><div class=\"vc_column-inner\"><div class=\"wpb_wrapper\">\n\t\t\t<!-- START Slider 13 COOKIES+ML REVOLUTION SLIDER 6.2.23 --><p class=\"rs-p-wp-fix\"><\/p>\n\t\t\t<rs-module-wrap id=\"rev_slider_43_1_wrapper\" data-source=\"gallery\" style=\"background:transparent;padding:0;margin:0px auto;margin-top:0;margin-bottom:0;\">\n\t\t\t\t<rs-module id=\"rev_slider_43_1\" style=\"\" data-version=\"6.2.23\">\n\t\t\t\t\t<rs-slides>\n\t\t\t\t\t\t<rs-slide data-key=\"rs-160\" data-title=\"Slide\" data-anim=\"ei:d;eo:d;s:1000;r:0;t:fade;sl:0;\">\n\t\t\t\t\t\t\t<img loading=\"lazy\" decoding=\"async\" src=\"\/\/cyria.net\/wp-content\/uploads\/2023\/10\/mobilier-urbain-design-aix-en-provence-cyria.jpg\" alt=\"Mobilier urbain en m\u00e9tal\" title=\"Acier thermolaqu\u00e9 | CYRIA &#8211; Mobilier urbain\" width=\"1920\" height=\"235\" class=\"rev-slidebg\" data-no-retina>\n<!--\n\t\t\t\t\t\t\t--><rs-layer\n\t\t\t\t\t\t\t\tid=\"slider-43-slide-160-layer-1\" \n\t\t\t\t\t\t\t\tdata-type=\"text\"\n\t\t\t\t\t\t\t\tdata-rsp_ch=\"on\"\n\t\t\t\t\t\t\t\tdata-xy=\"xo:278px,278px,278px,61px;yo:110px,110px,110px,24px;\"\n\t\t\t\t\t\t\t\tdata-text=\"w:normal;s:14,14,14,4;l:25,25,25,6;\"\n\t\t\t\t\t\t\t\tdata-frame_999=\"o:0;st:w;\"\n\t\t\t\t\t\t\t\tstyle=\"z-index:8;font-family:Muli;\"\n\t\t\t\t\t\t\t>Rechtliche Hinweise \n\t\t\t\t\t\t\t<\/rs-layer><!--\n-->\t\t\t\t\t\t<\/rs-slide>\n\t\t\t\t\t<\/rs-slides>\n\t\t\t\t<\/rs-module>\n\t\t\t<\/rs-module-wrap>\n\t\t\t<!-- END REVOLUTION SLIDER -->\n<\/div><\/div><\/div><\/div><div id=\"TEXTML\" class=\"vc_row wpb_row vc_row-fluid\"><div class=\"wpb_column vc_column_container vc_col-sm-12\"><div class=\"vc_column-inner\"><div class=\"wpb_wrapper\">\n\t<div class=\"wpb_text_column wpb_content_element  p2\" >\n\t\t<div class=\"wpb_wrapper\">\n\t\t\t<h1 style=\"text-align: center;font-weight: bold;font-size: 26px; font-weight: 700!important; line-height: 35px!important;color:#000;\">RECHTLICHE HINWEISE<\/h1>\n<hr class=\"hr1\" \/>\n<p><span style=\"font-weight: 400; font-size: 15px;\">Die \"Cyria.net\"-Webseite (im Folgenden als die \"Cyria.net\"-Webseite bezeichnet)\u00a0<\/span><b>Plattform<\/b><span style=\"font-weight: 400;\">\") wird von der Firma CYRIA, einer vereinfachten Aktiengesellschaft mit Sitz in Mas de Sauveterre, 165 chemin de l'Aub\u00e8re, 13100 Aix-en-Provence (Frankreich), herausgegeben.<\/span><span style=\"font-weight: 400;\">eingetragen im Handels- und Gesellschaftsregister von Aix-en-Provence unter der Nummer <\/span><span style=\"font-weight: 400;\">494 306 053<\/span> <span style=\"font-weight: 400;\">(im Folgenden: \"\u00a0<\/span><b>CYRIA <\/b><span style=\"font-weight: 400;\">\").<\/span><\/p>\n<hr \/>\n<p><span style=\"font-weight: 400; font-size: 15px;\">Die Plattform <\/span><span style=\"font-weight: 400;\">wird von CYRIA herausgegeben. Sie wird von der Firma Titan Datacenters France mit Sitz in 45 All\u00e9e des Ormes E. Space Park B\u00e2timent D, 06250 Mougins, Frankreich, gehostet.<\/span><\/p>\n<p><span style=\"font-weight: 400; font-size: 15px;\">Herr Christophe Debr\u00e9geas <\/span><span style=\"font-weight: 400;\">ist der Herausgeber der Plattform.\u00a0<\/span><\/h5>\n<p><span style=\"font-weight: 400; font-size: 15px;\">Es ist m\u00f6glich, CYRIA unter der am Anfang der vorliegenden Bedingungen angegebenen Adresse zu kontaktieren, \u00fcber das auf der Website verf\u00fcgbare Kontaktformular, per E-Mail unter der Adresse <\/span><a href=\"mailto:contact@cyria.net\"><span style=\"font-weight: 400;\">contact@cyria.net<\/span><\/a><span style=\"font-weight: 400;\">\u00a0 oder per Telefon unter +33(0)4 42 59 30 97.<\/span><\/p>\n<hr \/>\n<p><span style=\"font-weight: 400; font-size: 15px;\">F\u00fcr Informationen \u00fcber die Verarbeitung Ihrer pers\u00f6nlichen Daten verweisen wir Sie auf die Datenschutzrichtlinie, die auf der Plattform zu finden ist.\u00a0<\/span><\/p>\n<hr \/>\n<p><span style=\"font-weight: 400; font-size: 15px;\">F\u00fcr alle weiteren Informationen zu den Leistungen auf der Plattform gelten die Allgemeinen Nutzungs- und Verkaufsbedingungen, die auf der Plattform verf\u00fcgbar sind.<\/span><\/p>\n\n\t\t<\/div>\n\t<\/div>\n<\/div><\/div><\/div><\/div>","protected":false},"excerpt":{"rendered":"RECHTLICHE HINWEISE Die Website \"Cyria.net\" (im Folgenden \"Plattform\") wird von der Firma CYRIA, einer vereinfachten Aktiengesellschaft mit Sitz in Mas de Sauveterre, 165 chemin de l'Aub\u00e8re, 13100 Aix-en-Provence (Frankreich) herausgegeben, die im Handels- und Gesellschaftsregister von Aix-en-Provence unter der Nummer 494 306 053 eingetragen ist (im Folgenden ...","protected":false},"author":1,"featured_media":0,"parent":0,"menu_order":0,"comment_status":"closed","ping_status":"closed","template":"","meta":{"_seopress_robots_primary_cat":"","_seopress_titles_title":"Mentions L\u00e9gales | CYRIA Fabricant de Mobilier Urbain Design","_seopress_titles_desc":"Consultez les mentions l\u00e9gales de CYRIA, fabricant de mobilier urbain de qualit\u00e9. Informations juridiques et conditions d&#039;utilisation.","_seopress_robots_index":"","inline_featured_image":false,"footnotes":""},"class_list":["post-1298","page","type-page","status-publish","hentry"],"_links":{"self":[{"href":"https:\/\/cyria.net\/de\/wp-json\/wp\/v2\/pages\/1298","targetHints":{"allow":["GET"]}}],"collection":[{"href":"https:\/\/cyria.net\/de\/wp-json\/wp\/v2\/pages"}],"about":[{"href":"https:\/\/cyria.net\/de\/wp-json\/wp\/v2\/types\/page"}],"author":[{"embeddable":true,"href":"https:\/\/cyria.net\/de\/wp-json\/wp\/v2\/users\/1"}],"replies":[{"embeddable":true,"href":"https:\/\/cyria.net\/de\/wp-json\/wp\/v2\/comments?post=1298"}],"version-history":[{"count":0,"href":"https:\/\/cyria.net\/de\/wp-json\/wp\/v2\/pages\/1298\/revisions"}],"wp:attachment":[{"href":"https:\/\/cyria.net\/de\/wp-json\/wp\/v2\/media?parent=1298"}],"curies":[{"name":"wp","href":"https:\/\/api.w.org\/{rel}","templated":true}]}}