{"id":2574,"date":"2022-06-14T10:29:36","date_gmt":"2022-06-14T10:29:36","guid":{"rendered":"https:\/\/cyria.net\/?page_id=2574"},"modified":"2022-11-14T20:58:32","modified_gmt":"2022-11-14T20:58:32","slug":"collection-migration","status":"publish","type":"page","link":"https:\/\/cyria.net\/de\/sammlung-migration\/","title":{"rendered":"Sammlung-Migration"},"content":{"rendered":"<div class=\"vc_row wpb_row vc_row-fluid\"><div class=\"wpb_column vc_column_container vc_col-sm-12\"><div class=\"vc_column-inner\"><div class=\"wpb_wrapper\">\n\t\t\t<!-- START Page collection Migration REVOLUTION SLIDER 6.2.23 --><p class=\"rs-p-wp-fix\"><\/p>\n\t\t\t<rs-module-wrap id=\"rev_slider_67_1_wrapper\" data-source=\"gallery\" style=\"background:transparent;padding:0;margin:0px auto;margin-top:0;margin-bottom:0;\">\n\t\t\t\t<rs-module id=\"rev_slider_67_1\" style=\"\" data-version=\"6.2.23\">\n\t\t\t\t\t<rs-slides>\n\t\t\t\t\t\t<rs-slide data-key=\"rs-197\" data-title=\"Slide\" data-anim=\"ei:d;eo:d;s:1000;r:0;t:fade;sl:0;\">\n\t\t\t\t\t\t\t<img loading=\"lazy\" decoding=\"async\" src=\"\/\/cyria.net\/wp-content\/uploads\/2023\/10\/fauteuil-migration-avec-accoudoir-mobilier-urbain-cyria.jpg\" alt=\"Fauteuil MIGRATION con\u00e7u et fabriqu\u00e9 par CYRIA mobilier urbain\" title=\"Fauteuil acier bois MIGRATION | CYRIA &#8211; Mobilier Urbain Design\" width=\"1920\" height=\"944\" class=\"rev-slidebg\" data-no-retina>\n<!--\n\t\t\t\t\t\t\t--><rs-layer\n\t\t\t\t\t\t\t\tid=\"slider-67-slide-197-layer-1\" \n\t\t\t\t\t\t\t\tdata-type=\"text\"\n\t\t\t\t\t\t\t\tdata-rsp_ch=\"on\"\n\t\t\t\t\t\t\t\tdata-xy=\"xo:283px,283px,283px,62px;yo:110px,110px,110px,24px;\"\n\t\t\t\t\t\t\t\tdata-text=\"w:normal;s:14,14,14,4;l:25,25,25,6;\"\n\t\t\t\t\t\t\t\tdata-vbility=\"t,t,t,f\"\n\t\t\t\t\t\t\t\tdata-frame_999=\"o:0;st:w;\"\n\t\t\t\t\t\t\t\tstyle=\"z-index:11;font-family:Muli;\"\n\t\t\t\t\t\t\t>Accueil   \n\t\t\t\t\t\t\t<\/rs-layer><!--\n\n\t\t\t\t\t\t\t--><rs-layer\n\t\t\t\t\t\t\t\tid=\"slider-67-slide-197-layer-2\" \n\t\t\t\t\t\t\t\tdata-type=\"text\"\n\t\t\t\t\t\t\t\tdata-rsp_ch=\"on\"\n\t\t\t\t\t\t\t\tdata-xy=\"xo:449px,449px,449px,99px;yo:110px,110px,110px,24px;\"\n\t\t\t\t\t\t\t\tdata-text=\"w:normal;s:14,14,14,4;l:25,25,25,6;\"\n\t\t\t\t\t\t\t\tdata-vbility=\"t,t,t,f\"\n\t\t\t\t\t\t\t\tdata-frame_999=\"o:0;st:w;\"\n\t\t\t\t\t\t\t\tstyle=\"z-index:10;font-family:Muli;\"\n\t\t\t\t\t\t\t> \n\t\t\t\t\t\t\t<\/rs-layer><!--\n\n\t\t\t\t\t\t\t--><a\n\t\t\t\t\t\t\t\tid=\"slider-67-slide-197-layer-3\" \n\t\t\t\t\t\t\t\tclass=\"rs-layer\"\n\t\t\t\t\t\t\t\thref=\"https:\/\/cyria.net\/fr\/mobilier-urbain-design\/collection-migration\/\" target=\"_self\" rel=\"nofollow\"\n\t\t\t\t\t\t\t\tdata-type=\"text\"\n\t\t\t\t\t\t\t\tdata-rsp_ch=\"on\"\n\t\t\t\t\t\t\t\tdata-xy=\"xo:357px,357px,357px,79px;yo:110px,110px,110px,24px;\"\n\t\t\t\t\t\t\t\tdata-text=\"w:normal;s:14,14,14,4;l:25,25,25,6;\"\n\t\t\t\t\t\t\t\tdata-vbility=\"t,t,t,f\"\n\t\t\t\t\t\t\t\tdata-frame_999=\"o:0;st:w;\"\n\t\t\t\t\t\t\t\tstyle=\"z-index:9;font-family:Muli;\"\n\t\t\t\t\t\t\t>Collection \n\t\t\t\t\t\t\t<\/a><!--\n\n\t\t\t\t\t\t\t--><rs-layer\n\t\t\t\t\t\t\t\tid=\"slider-67-slide-197-layer-4\" \n\t\t\t\t\t\t\t\tdata-type=\"image\"\n\t\t\t\t\t\t\t\tdata-rsp_ch=\"on\"\n\t\t\t\t\t\t\t\tdata-xy=\"xo:342px,342px,342px,75px;yo:120px,120px,120px,26px;\"\n\t\t\t\t\t\t\t\tdata-text=\"w:normal;s:20,20,20,4;l:0,0,0,6;\"\n\t\t\t\t\t\t\t\tdata-dim=\"w:4px,4px,4px,1px;h:7px,7px,7px,1px;\"\n\t\t\t\t\t\t\t\tdata-vbility=\"t,t,t,f\"\n\t\t\t\t\t\t\t\tdata-frame_999=\"o:0;st:w;\"\n\t\t\t\t\t\t\t\tstyle=\"z-index:13;\"\n\t\t\t\t\t\t\t><img loading=\"lazy\" decoding=\"async\" src=\"\/\/cyria.net\/wp-content\/uploads\/2022\/06\/fle\u0301che-blanche-fil-dariane.svg\" alt=\"sp\u00e9cialiste mobilier urbain CYRIA\" width=\"4\" height=\"7\" data-no-retina> \n\t\t\t\t\t\t\t<\/rs-layer><!--\n\n\t\t\t\t\t\t\t--><rs-layer\n\t\t\t\t\t\t\t\tid=\"slider-67-slide-197-layer-5\" \n\t\t\t\t\t\t\t\tdata-type=\"image\"\n\t\t\t\t\t\t\t\tdata-rsp_ch=\"on\"\n\t\t\t\t\t\t\t\tdata-xy=\"xo:50px,50px,50px,-202px;yo:50px,50px,50px,2px;\"\n\t\t\t\t\t\t\t\tdata-text=\"w:normal;s:20,20,20,4;l:0,0,0,6;\"\n\t\t\t\t\t\t\t\tdata-dim=\"w:['100%','100%','100%','100%'];h:['100%','100%','100%','100%'];\"\n\t\t\t\t\t\t\t\tdata-vbility=\"f,f,f,t\"\n\t\t\t\t\t\t\t\tdata-frame_999=\"o:0;st:w;\"\n\t\t\t\t\t\t\t\tstyle=\"z-index:14;\"\n\t\t\t\t\t\t\t><img loading=\"lazy\" decoding=\"async\" src=\"\/\/cyria.net\/wp-content\/uploads\/2023\/10\/fauteuil-migration-avec-accoudoir-mobilier-urbain-cyria.jpg\" alt=\"Fauteuil MIGRATION con\u00e7u et fabriqu\u00e9 par CYRIA mobilier urbain\" width=\"1920\" height=\"944\" data-c=\"cover-proportional\" data-no-retina> \n\t\t\t\t\t\t\t<\/rs-layer><!--\n\n\t\t\t\t\t\t\t--><rs-layer\n\t\t\t\t\t\t\t\tid=\"slider-67-slide-197-layer-6\" \n\t\t\t\t\t\t\t\tdata-type=\"image\"\n\t\t\t\t\t\t\t\tdata-rsp_ch=\"on\"\n\t\t\t\t\t\t\t\tdata-xy=\"xo:436px,436px,436px,96px;yo:120px,120px,120px,26px;\"\n\t\t\t\t\t\t\t\tdata-text=\"w:normal;s:20,20,20,4;l:0,0,0,6;\"\n\t\t\t\t\t\t\t\tdata-dim=\"w:4px,4px,4px,1px;h:7px,7px,7px,1px;\"\n\t\t\t\t\t\t\t\tdata-vbility=\"t,t,t,f\"\n\t\t\t\t\t\t\t\tdata-frame_999=\"o:0;st:w;\"\n\t\t\t\t\t\t\t\tstyle=\"z-index:13;\"\n\t\t\t\t\t\t\t><img loading=\"lazy\" decoding=\"async\" src=\"\/\/cyria.net\/wp-content\/uploads\/2022\/06\/fle\u0301che-blanche-fil-dariane.svg\" alt=\"sp\u00e9cialiste mobilier urbain CYRIA\" width=\"4\" height=\"7\" data-no-retina> \n\t\t\t\t\t\t\t<\/rs-layer><!--\n\n\t\t\t\t\t\t\t--><a\n\t\t\t\t\t\t\t\tid=\"slider-67-slide-197-layer-7\" \n\t\t\t\t\t\t\t\tclass=\"rs-layer\"\n\t\t\t\t\t\t\t\thref=\"https:\/\/cyria.net\/fr\/mobilier-urbain-design\/collection-migration\/\" target=\"_self\" rel=\"nofollow\"\n\t\t\t\t\t\t\t\tdata-type=\"text\"\n\t\t\t\t\t\t\t\tdata-rsp_ch=\"on\"\n\t\t\t\t\t\t\t\tdata-xy=\"xo:450px,450px,450px,100px;yo:110px,110px,110px,24px;\"\n\t\t\t\t\t\t\t\tdata-text=\"w:normal;s:14,14,14,4;l:25,25,25,6;\"\n\t\t\t\t\t\t\t\tdata-vbility=\"t,t,t,f\"\n\t\t\t\t\t\t\t\tdata-frame_999=\"o:0;st:w;\"\n\t\t\t\t\t\t\t\tstyle=\"z-index:9;font-family:Muli;\"\n\t\t\t\t\t\t\t>Migration \n\t\t\t\t\t\t\t<\/a><!--\n-->\t\t\t\t\t\t<\/rs-slide>\n\t\t\t\t\t<\/rs-slides>\n\t\t\t\t<\/rs-module>\n\t\t\t<\/rs-module-wrap>\n\t\t\t<!-- END REVOLUTION SLIDER -->\n\n\t\t\t<!-- START Texte Collection Migration REVOLUTION SLIDER 6.2.23 --><p class=\"rs-p-wp-fix\"><\/p>\n\t\t\t<rs-module-wrap id=\"rev_slider_68_2_wrapper\" data-source=\"gallery\" style=\"background:transparent;padding:0;margin:0px auto;margin-top:0;margin-bottom:0;\">\n\t\t\t\t<rs-module id=\"rev_slider_68_2\" style=\"\" data-version=\"6.2.23\">\n\t\t\t\t\t<rs-slides>\n\t\t\t\t\t\t<rs-slide data-key=\"rs-198\" data-title=\"Slide\" data-anim=\"ei:d;eo:d;s:1000;r:0;t:fade;sl:0;\">\n\t\t\t\t\t\t\t<img decoding=\"async\" src=\"\/\/cyria.net\/wp-content\/plugins\/revslider\/public\/assets\/assets\/transparent.png\" alt=\"Slide\" title=\"Collection-Migration\" class=\"rev-slidebg\" data-no-retina>\n<!--\n\t\t\t\t\t\t\t--><rs-layer\n\t\t\t\t\t\t\t\tid=\"slider-68-slide-198-layer-0\" \n\t\t\t\t\t\t\t\tdata-type=\"text\"\n\t\t\t\t\t\t\t\tdata-color=\"#000000\"\n\t\t\t\t\t\t\t\tdata-rsp_ch=\"on\"\n\t\t\t\t\t\t\t\tdata-xy=\"xo:278px,278px,278px,15px;yo:99px,99px,99px,50px;\"\n\t\t\t\t\t\t\t\tdata-text=\"w:normal;s:28;l:25,25,25,35;fw:700;\"\n\t\t\t\t\t\t\t\tdata-dim=\"w:238.992px,238.992px,238.992px,276px;h:50px,50px,50px,35px;\"\n\t\t\t\t\t\t\t\tdata-frame_999=\"o:0;st:w;\"\n\t\t\t\t\t\t\t\tstyle=\"z-index:9;font-family:Muli;\"\n\t\t\t\t\t\t\t>MIGRATION \n\t\t\t\t\t\t\t<\/rs-layer><!--\n\n\t\t\t\t\t\t\t--><rs-layer\n\t\t\t\t\t\t\t\tid=\"slider-68-slide-198-layer-1\" \n\t\t\t\t\t\t\t\tdata-type=\"shape\"\n\t\t\t\t\t\t\t\tdata-rsp_ch=\"on\"\n\t\t\t\t\t\t\t\tdata-text=\"w:normal;s:20,20,20,4;l:0,0,0,6;\"\n\t\t\t\t\t\t\t\tdata-dim=\"w:100%;h:348px,348px,348px,100%;\"\n\t\t\t\t\t\t\t\tdata-basealign=\"slide\"\n\t\t\t\t\t\t\t\tdata-frame_999=\"o:0;st:w;\"\n\t\t\t\t\t\t\t\tstyle=\"z-index:8;background-color:#f2f2f2;\"\n\t\t\t\t\t\t\t> \n\t\t\t\t\t\t\t<\/rs-layer><!--\n\n\t\t\t\t\t\t\t--><rs-layer\n\t\t\t\t\t\t\t\tid=\"slider-68-slide-198-layer-2\" \n\t\t\t\t\t\t\t\tdata-type=\"text\"\n\t\t\t\t\t\t\t\tdata-color=\"#000000\"\n\t\t\t\t\t\t\t\tdata-rsp_ch=\"on\"\n\t\t\t\t\t\t\t\tdata-xy=\"xo:278px,278px,278px,15px;yo:147px,147px,147px,92px;\"\n\t\t\t\t\t\t\t\tdata-text=\"w:normal;s:22;l:25,25,25,28;td:underline;\"\n\t\t\t\t\t\t\t\tdata-dim=\"w:333px;h:43px,43px,43px,33px;\"\n\t\t\t\t\t\t\t\tdata-frame_999=\"o:0;st:w;\"\n\t\t\t\t\t\t\t\tstyle=\"z-index:10;font-family:Muli;\"\n\t\t\t\t\t\t\t>Agence APS \n\t\t\t\t\t\t\t<\/rs-layer><!--\n\n\t\t\t\t\t\t\t--><rs-layer\n\t\t\t\t\t\t\t\tid=\"slider-68-slide-198-layer-3\" \n\t\t\t\t\t\t\t\tdata-type=\"text\"\n\t\t\t\t\t\t\t\tdata-color=\"#000000\"\n\t\t\t\t\t\t\t\tdata-rsp_ch=\"on\"\n\t\t\t\t\t\t\t\tdata-xy=\"xo:695px,695px,695px,15px;yo:99px,99px,99px,205px;\"\n\t\t\t\t\t\t\t\tdata-text=\"w:normal;s:16,16,16,15;l:22;\"\n\t\t\t\t\t\t\t\tdata-dim=\"w:936px,936px,936px,398px;h:40px,40px,40px,107px;\"\n\t\t\t\t\t\t\t\tdata-frame_999=\"o:0;st:w;\"\n\t\t\t\t\t\t\t\tstyle=\"z-index:11;font-family:Muli;\"\n\t\t\t\t\t\t\t>MIGRATION\u00a9, c'est l\u2019\u00e9vasion. Cette collection inspir\u00e9e de la nature sauvage m\u00e9diterran\u00e9enne, n\u00e9e dans le jardin du Fort Saint-Jean, surplombant le port de Marseille lors de la construction du MUCEM, invite au voyage. Les silhouettes de ces \u00e9l\u00e9ments, douces, robustes, organiques, sont plurielles, \u00e0 l\u2019image de cet environnement si riche et si particulier. \n\t\t\t\t\t\t\t<\/rs-layer><!--\n\n\t\t\t\t\t\t\t--><a\n\t\t\t\t\t\t\t\tid=\"slider-68-slide-198-layer-4\" \n\t\t\t\t\t\t\t\tclass=\"rs-layer rev-btn\"\n\t\t\t\t\t\t\t\thref=\"https:\/\/cyria.net\/filtre-produits\/?sc=143\" target=\"_self\" rel=\"nofollow\"\n\t\t\t\t\t\t\t\tdata-type=\"button\"\n\t\t\t\t\t\t\t\tdata-color=\"#000000\"\n\t\t\t\t\t\t\t\tdata-rsp_ch=\"on\"\n\t\t\t\t\t\t\t\tdata-xy=\"x:l,l,l,c;xo:695px,695px,695px,0;yo:182px,182px,182px,385px;\"\n\t\t\t\t\t\t\t\tdata-text=\"w:normal;s:16,16,16,14;l:40,40,40,18;fw:600;a:center;\"\n\t\t\t\t\t\t\t\tdata-dim=\"w:503px,503px,503px,398px;h:67px,67px,67px,70px;minh:0px,0px,0px,none;\"\n\t\t\t\t\t\t\t\tdata-padding=\"t:13,13,13,25;r:25,25,25,6;l:25,25,25,6;\"\n\t\t\t\t\t\t\t\tdata-border=\"bos:solid;boc:#000000;bow:1px,1px,1px,1px;\"\n\t\t\t\t\t\t\t\tdata-frame_999=\"o:0;st:w;\"\n\t\t\t\t\t\t\t\tdata-frame_hover=\"c:#fff;bgc:#000;boc:rgba(0,0,0,0.35);bor:0px,0px,0px,0px;bos:solid;bow:1px,1px,1px,1px;e:power1.inOut;\"\n\t\t\t\t\t\t\t\tstyle=\"z-index:12;background-color:rgba(0,0,0,0);font-family:Muli;\"\n\t\t\t\t\t\t\t>D\u00c9COUVRIR LES PRODUITS DE LA COLLECTION \n\t\t\t\t\t\t\t<\/a><!--\n\n\t\t\t\t\t\t\t--><rs-layer\n\t\t\t\t\t\t\t\tid=\"slider-68-slide-198-layer-6\" \n\t\t\t\t\t\t\t\tdata-type=\"shape\"\n\t\t\t\t\t\t\t\tdata-rsp_ch=\"on\"\n\t\t\t\t\t\t\t\tdata-xy=\"xo:278px,278px,278px,15px;y:b;yo:99px,99px,99px,316px;\"\n\t\t\t\t\t\t\t\tdata-text=\"w:normal;s:20,20,20,25;l:0,0,0,0;\"\n\t\t\t\t\t\t\t\tdata-dim=\"w:96px,96px,96px,95px;h:1.5px,1.5px,1.5px,1px;\"\n\t\t\t\t\t\t\t\tdata-frame_0=\"x:0,0,0,0px;y:0,0,0,0px;\"\n\t\t\t\t\t\t\t\tdata-frame_1=\"x:0,0,0,0px;y:0,0,0,0px;\"\n\t\t\t\t\t\t\t\tdata-frame_999=\"o:0;st:w;\"\n\t\t\t\t\t\t\t\tstyle=\"z-index:13;background-color:#000000;\"\n\t\t\t\t\t\t\t> \n\t\t\t\t\t\t\t<\/rs-layer><!--\n-->\t\t\t\t\t\t<\/rs-slide>\n\t\t\t\t\t<\/rs-slides>\n\t\t\t\t<\/rs-module>\n\t\t\t<\/rs-module-wrap>\n\t\t\t<!-- END REVOLUTION SLIDER -->\n<\/div><\/div><\/div><\/div>\n<div id=\"contenupageproduits\">\n<div id=\"enteteproduitspagecollection\"><span id=\"headingproduits\">LES PRODUITS DE LA COLLECTION<\/span><span id=\"fleches\"><img decoding=\"async\" src=\"https:\/\/cyria.net\/wp-content\/uploads\/2022\/04\/Logo-FLECHE-GAUCHE-SLIDE-1.png\" onclick=\"divs[(((currentDiv--)%divs.length)+divs.length)%divs.length].style.display = 'none'; divs[((currentDiv%divs.length)+divs.length)%divs.length].style.display = 'flex'\"\/><img decoding=\"async\" src=\"https:\/\/cyria.net\/wp-content\/uploads\/2022\/04\/Logo-FLECHE-DROITE-SLIDE.png\" onclick=\"divs[(((currentDiv--)%divs.length)+divs.length)%divs.length].style.display = 'none'; divs[((currentDiv%divs.length)+divs.length)%divs.length].style.display = 'flex'\"\/><\/span>\n\t<\/div>\n<div id=\"produitspagecollection\">\n\t<\/div>\n<\/div>\n<p><script>\nfunction createProduit(data) {\n\tcnt = document.createElement(\"a\");\n\tcnt.href = \"\/produit\/\" + data.link;\n\tcnt.className = \"modeleproduitflt\";\n\t\/\/\n\tphoto = document.createElement(\"img\");\n\tphoto.className = \"photoproduitftl\";\n\tphoto.src = data.img;\n\tcnt.appendChild(photo);\n\t\/\/\n\tcntTitle = document.createElement(\"div\");\n\tcntTitle.className = \"titreproduitflt\";\n\t\/\/\n\tmyName = document.createElement(\"p\");\n\tmyName.className = \"titregrasproduitflt\";\n\tif (data.collection != \"\")\n\t\tmyName.innerHTML = data[\"name\"].slice(0, data[\"name\"].search(new RegExp(\"\\\\s\\*\" + data.collection, \"i\")));\n\telse\n\t\tmyName.innerHTML = data[\"name\"];\n\tcntTitle.appendChild(myName);\n\t\/\/\n\tif (data.collection != \"\") {\n\t\tcollection = document.createElement(\"p\");\n\t\tcollection.className = \"titreproduitfltcollection\";\n\t\tcollection.innerHTML = \"Collection \" + data.collection.toUpperCase();\n\t\tcntTitle.appendChild(collection);\n\t}\n\t\/\/\n\tcnt.appendChild(cntTitle);\n\t\/\/\n\ttxt = document.createElement(\"p\");\n\ttxt.className = \"persoproduittexte\";\n\ttxt.innerHTML = \"VOIR ET PERSONNALISER LE PRODUIT\";\n\ttxt.setAttribute(\"onmouseout\", 'this.classList.remove(\"addtextpersopdt\")');\n\tcnt.appendChild(txt);\n\t\/\/\n\tplus = document.createElement(\"div\");\n\tplus.className = \"conteneurplus\";\n\tbtplus = document.createElement(\"div\");\n\tbtplus.className = \"btplus\";\n\tbtplus.setAttribute(\"onmouseover\", 'this.parentNode.previousSibling.classList.add(\"addtextpersopdt\")');\n\tbtplus.innerHTML = '<img decoding=\"async\" class=\"imagepluscr\" src=\"https:\/\/cyria.net\/wp-content\/uploads\/2022\/04\/Logo-1-1.svg\">';\n\tplus.appendChild(btplus);\n\t\/\/\n\tcnt.appendChild(plus);\n\treturn(cnt);\n}\n\/\/\ndivs = new Array();\nvar currentDiv = 0;\n\/\/\nwindow.onload = function() {\n\tajax = new XMLHttpRequest();\n\tajax.onreadystatechange = function() {\n\t\tif (this.readyState == 4 && this.status == 200) {\n\t\t\tvar json;\n\t\t\ttry {\n\t\t\t\tjson = JSON.parse(this.responseText);\n\t\t\t\tfor (i = 0; i < json.length; i++) {\n\t\t\t\t\tif (i % 4 == 0) {\n\t\t\t\t\t\tdiv = document.createElement(\"div\");\n\t\t\t\t\t\tdiv.className = \"rangee4produits\";\n\t\t\t\t\t\tdiv.style.display = \"none\";\n\t\t\t\t\t\tdocument.getElementById(\"produitspagecollection\").appendChild(div);\n\t\t\t\t\t\tdivs.push(div); \n\t\t\t\t\t}\n\t\t\t\t\tdivs[Math.floor(i\/4)].appendChild(createProduit(json[i]));\n\t\t\t\t\t\t\n\t\t\t\t}\n\n\t\t\t\tdivs[0].style.display = \"flex\";\n\t\t\t} catch (err) {\n\t\t\t\tconsole.log(this.responseText);\n\t\t\t\tconsole.log(err);\n\t\t\t\tconsole.log(\"Something went wrong when searching the database.\");\n\t\t\t}\n\t\t}\n\t}\n\n\tajax.open(\"POST\", \"\/wp-content\/themes\/suki\/getProduits.php?\", true);\n\tajax.setRequestHeader(\"Content-Type\", \"application\/x-www-form-urlencoded\");\n\tajax.send(\"cats=143\");\n\n}\n<\/script><\/p>\n","protected":false},"excerpt":{"rendered":"<p>DIE PRODUKTE DER SAMMLUNG<\/p>","protected":false},"author":1,"featured_media":0,"parent":0,"menu_order":0,"comment_status":"closed","ping_status":"closed","template":"","meta":{"_seopress_robots_primary_cat":"","_seopress_titles_title":"","_seopress_titles_desc":"","_seopress_robots_index":"","inline_featured_image":false,"footnotes":""},"class_list":["post-2574","page","type-page","status-publish","hentry"],"_links":{"self":[{"href":"https:\/\/cyria.net\/de\/wp-json\/wp\/v2\/pages\/2574","targetHints":{"allow":["GET"]}}],"collection":[{"href":"https:\/\/cyria.net\/de\/wp-json\/wp\/v2\/pages"}],"about":[{"href":"https:\/\/cyria.net\/de\/wp-json\/wp\/v2\/types\/page"}],"author":[{"embeddable":true,"href":"https:\/\/cyria.net\/de\/wp-json\/wp\/v2\/users\/1"}],"replies":[{"embeddable":true,"href":"https:\/\/cyria.net\/de\/wp-json\/wp\/v2\/comments?post=2574"}],"version-history":[{"count":0,"href":"https:\/\/cyria.net\/de\/wp-json\/wp\/v2\/pages\/2574\/revisions"}],"wp:attachment":[{"href":"https:\/\/cyria.net\/de\/wp-json\/wp\/v2\/media?parent=2574"}],"curies":[{"name":"wp","href":"https:\/\/api.w.org\/{rel}","templated":true}]}}