{"id":4526,"date":"2022-09-06T14:17:27","date_gmt":"2022-09-06T14:17:27","guid":{"rendered":"https:\/\/cyria.net\/?page_id=4526"},"modified":"2023-09-14T15:32:09","modified_gmt":"2023-09-14T15:32:09","slug":"pourquoi-choisir-les-mobiliers-cyria","status":"publish","type":"page","link":"https:\/\/cyria.net\/de\/warum-die-mobel-cyria-auswahlen\/","title":{"rendered":"Warum sollten Sie sich f\u00fcr Cyria-M\u00f6bel entscheiden?"},"content":{"rendered":"","protected":false},"excerpt":{"rendered":"","protected":false},"author":1,"featured_media":0,"parent":0,"menu_order":0,"comment_status":"closed","ping_status":"closed","template":"page-templates\/Article1.php","meta":{"_seopress_robots_primary_cat":"","_seopress_titles_title":"Choisir des Mobiliers Urbains de Qualit\u00e9 | CYRIA","_seopress_titles_desc":"Optez pour CYRIA, le choix de l&#039;esth\u00e9tique, de la durabilit\u00e9 et de la qualit\u00e9. Nos mobiliers urbains, reconnus mondialement, subliment tous les villes.","_seopress_robots_index":"","inline_featured_image":false,"footnotes":""},"class_list":["post-4526","page","type-page","status-publish","hentry"],"_links":{"self":[{"href":"https:\/\/cyria.net\/de\/wp-json\/wp\/v2\/pages\/4526","targetHints":{"allow":["GET"]}}],"collection":[{"href":"https:\/\/cyria.net\/de\/wp-json\/wp\/v2\/pages"}],"about":[{"href":"https:\/\/cyria.net\/de\/wp-json\/wp\/v2\/types\/page"}],"author":[{"embeddable":true,"href":"https:\/\/cyria.net\/de\/wp-json\/wp\/v2\/users\/1"}],"replies":[{"embeddable":true,"href":"https:\/\/cyria.net\/de\/wp-json\/wp\/v2\/comments?post=4526"}],"version-history":[{"count":0,"href":"https:\/\/cyria.net\/de\/wp-json\/wp\/v2\/pages\/4526\/revisions"}],"wp:attachment":[{"href":"https:\/\/cyria.net\/de\/wp-json\/wp\/v2\/media?parent=4526"}],"curies":[{"name":"wp","href":"https:\/\/api.w.org\/{rel}","templated":true}]}}