{"id":9504,"date":"2023-03-08T09:26:50","date_gmt":"2023-03-08T09:26:50","guid":{"rendered":"https:\/\/cyria.net\/?page_id=9504"},"modified":"2023-11-24T14:14:02","modified_gmt":"2023-11-24T14:14:02","slug":"article","status":"publish","type":"page","link":"https:\/\/cyria.net\/de\/artikel\/","title":{"rendered":"Realisierung von Stadtm\u00f6beln nach Ma\u00df | CYRIA"},"content":{"rendered":"","protected":false},"excerpt":{"rendered":"<p>Erf\u00fcllen Sie Ihre Pl\u00e4ne f\u00fcr ma\u00dfgeschneiderte Stadtm\u00f6bel mit CYRIA. Vom Entwurf bis zur Installation, lassen Sie unsere Experten Ihre Ideen in die Realit\u00e4t umsetzen.<\/p>","protected":false},"author":143,"featured_media":0,"parent":0,"menu_order":0,"comment_status":"closed","ping_status":"closed","template":"page-templates\/template-blog-cyria.php","meta":{"_seopress_robots_primary_cat":"","_seopress_titles_title":"%%post_title%%","_seopress_titles_desc":"%%post_excerpt%%","_seopress_robots_index":"","inline_featured_image":false,"footnotes":""},"class_list":["post-9504","page","type-page","status-publish","hentry"],"_links":{"self":[{"href":"https:\/\/cyria.net\/de\/wp-json\/wp\/v2\/pages\/9504","targetHints":{"allow":["GET"]}}],"collection":[{"href":"https:\/\/cyria.net\/de\/wp-json\/wp\/v2\/pages"}],"about":[{"href":"https:\/\/cyria.net\/de\/wp-json\/wp\/v2\/types\/page"}],"author":[{"embeddable":true,"href":"https:\/\/cyria.net\/de\/wp-json\/wp\/v2\/users\/143"}],"replies":[{"embeddable":true,"href":"https:\/\/cyria.net\/de\/wp-json\/wp\/v2\/comments?post=9504"}],"version-history":[{"count":0,"href":"https:\/\/cyria.net\/de\/wp-json\/wp\/v2\/pages\/9504\/revisions"}],"wp:attachment":[{"href":"https:\/\/cyria.net\/de\/wp-json\/wp\/v2\/media?parent=9504"}],"curies":[{"name":"wp","href":"https:\/\/api.w.org\/{rel}","templated":true}]}}