{"id":5601,"date":"2022-10-22T18:18:57","date_gmt":"2022-10-22T18:18:57","guid":{"rendered":"https:\/\/cyria.net\/?page_id=5601"},"modified":"2023-09-14T15:32:35","modified_gmt":"2023-09-14T15:32:35","slug":"les-projets-cyria-sur-mesure-etape-par-etape","status":"publish","type":"page","link":"https:\/\/cyria.net\/es\/proyectos-ciria-en-medida-paso-a-paso\/","title":{"rendered":"Proyectos Cyria a medida, paso a paso."},"content":{"rendered":"","protected":false},"excerpt":{"rendered":"","protected":false},"author":1,"featured_media":0,"parent":0,"menu_order":0,"comment_status":"closed","ping_status":"closed","template":"page-templates\/article2.php","meta":{"_seopress_robots_primary_cat":"","_seopress_titles_title":"R\u00e9alisation de Projets de Mobilier Urbain Sur Mesure | CYRIA","_seopress_titles_desc":"Accomplissez vos projets de mobilier urbain sur mesure avec CYRIA. De la conception \u00e0 l&#039;installation, laissez nos experts transformer vos id\u00e9es en r\u00e9alit\u00e9.","_seopress_robots_index":"","inline_featured_image":false,"footnotes":""},"class_list":["post-5601","page","type-page","status-publish","hentry"],"_links":{"self":[{"href":"https:\/\/cyria.net\/es\/wp-json\/wp\/v2\/pages\/5601","targetHints":{"allow":["GET"]}}],"collection":[{"href":"https:\/\/cyria.net\/es\/wp-json\/wp\/v2\/pages"}],"about":[{"href":"https:\/\/cyria.net\/es\/wp-json\/wp\/v2\/types\/page"}],"author":[{"embeddable":true,"href":"https:\/\/cyria.net\/es\/wp-json\/wp\/v2\/users\/1"}],"replies":[{"embeddable":true,"href":"https:\/\/cyria.net\/es\/wp-json\/wp\/v2\/comments?post=5601"}],"version-history":[{"count":0,"href":"https:\/\/cyria.net\/es\/wp-json\/wp\/v2\/pages\/5601\/revisions"}],"wp:attachment":[{"href":"https:\/\/cyria.net\/es\/wp-json\/wp\/v2\/media?parent=5601"}],"curies":[{"name":"wp","href":"https:\/\/api.w.org\/{rel}","templated":true}]}}