{"id":5609,"date":"2022-10-22T18:23:30","date_gmt":"2022-10-22T18:23:30","guid":{"rendered":"https:\/\/cyria.net\/?page_id=5609"},"modified":"2023-09-14T15:37:09","modified_gmt":"2023-09-14T15:37:09","slug":"quelles-finitions-pour-votre-mobilier-urbain-en-bois","status":"publish","type":"page","link":"https:\/\/cyria.net\/es\/que-acabados-para-sus-muebles-de-madera-urbanos\/","title":{"rendered":"\u00bfQu\u00e9 acabados para su mobiliario urbano de madera?"},"content":{"rendered":"","protected":false},"excerpt":{"rendered":"","protected":false},"author":1,"featured_media":0,"parent":0,"menu_order":0,"comment_status":"closed","ping_status":"closed","template":"page-templates\/article6.php","meta":{"_seopress_robots_primary_cat":"","_seopress_titles_title":"Mobilier Urbain en Bois | Durabilit\u00e9 | Authenticit\u00e9 | CYRIA","_seopress_titles_desc":"Quelles finitions choisir pour votre mobilier urbain en bois ? D\u00e9couvrez tous nos conseils sur ce mat\u00e9riau naturel. CYRIA fabricant de mobilier urbain design.","_seopress_robots_index":"","inline_featured_image":false,"footnotes":""},"class_list":["post-5609","page","type-page","status-publish","hentry"],"_links":{"self":[{"href":"https:\/\/cyria.net\/es\/wp-json\/wp\/v2\/pages\/5609","targetHints":{"allow":["GET"]}}],"collection":[{"href":"https:\/\/cyria.net\/es\/wp-json\/wp\/v2\/pages"}],"about":[{"href":"https:\/\/cyria.net\/es\/wp-json\/wp\/v2\/types\/page"}],"author":[{"embeddable":true,"href":"https:\/\/cyria.net\/es\/wp-json\/wp\/v2\/users\/1"}],"replies":[{"embeddable":true,"href":"https:\/\/cyria.net\/es\/wp-json\/wp\/v2\/comments?post=5609"}],"version-history":[{"count":0,"href":"https:\/\/cyria.net\/es\/wp-json\/wp\/v2\/pages\/5609\/revisions"}],"wp:attachment":[{"href":"https:\/\/cyria.net\/es\/wp-json\/wp\/v2\/media?parent=5609"}],"curies":[{"name":"wp","href":"https:\/\/api.w.org\/{rel}","templated":true}]}}