{"id":5625,"date":"2022-10-22T18:27:03","date_gmt":"2022-10-22T18:27:03","guid":{"rendered":"https:\/\/cyria.net\/?page_id=5625"},"modified":"2023-09-14T15:44:13","modified_gmt":"2023-09-14T15:44:13","slug":"les-materiaux-cyria-nos-essences-de-bois","status":"publish","type":"page","link":"https:\/\/cyria.net\/es\/les-materiaux-cyria-nos-essences-de-bois\/","title":{"rendered":"Materiales Cyria : Nuestros tipos de madera"},"content":{"rendered":"","protected":false},"excerpt":{"rendered":"","protected":false},"author":1,"featured_media":0,"parent":0,"menu_order":0,"comment_status":"closed","ping_status":"closed","template":"page-templates\/article14.php","meta":{"_seopress_robots_primary_cat":"","_seopress_titles_title":"Bois de Qualit\u00e9 pour Mobilier Urbain Durable | CYRIA","_seopress_titles_desc":"D\u00e9couvrez nos bois exotiques certifi\u00e9s FSC et nos bois europ\u00e9en certifi\u00e9 PEFC. Appr\u00e9ciez leur r\u00e9sistance pour un mobilier urbain durable et esth\u00e9tique. ","_seopress_robots_index":"","inline_featured_image":false,"footnotes":""},"class_list":["post-5625","page","type-page","status-publish","hentry"],"_links":{"self":[{"href":"https:\/\/cyria.net\/es\/wp-json\/wp\/v2\/pages\/5625","targetHints":{"allow":["GET"]}}],"collection":[{"href":"https:\/\/cyria.net\/es\/wp-json\/wp\/v2\/pages"}],"about":[{"href":"https:\/\/cyria.net\/es\/wp-json\/wp\/v2\/types\/page"}],"author":[{"embeddable":true,"href":"https:\/\/cyria.net\/es\/wp-json\/wp\/v2\/users\/1"}],"replies":[{"embeddable":true,"href":"https:\/\/cyria.net\/es\/wp-json\/wp\/v2\/comments?post=5625"}],"version-history":[{"count":0,"href":"https:\/\/cyria.net\/es\/wp-json\/wp\/v2\/pages\/5625\/revisions"}],"wp:attachment":[{"href":"https:\/\/cyria.net\/es\/wp-json\/wp\/v2\/media?parent=5625"}],"curies":[{"name":"wp","href":"https:\/\/api.w.org\/{rel}","templated":true}]}}