{"id":5611,"date":"2022-10-22T18:23:50","date_gmt":"2022-10-22T18:23:50","guid":{"rendered":"https:\/\/cyria.net\/?page_id=5611"},"modified":"2023-09-14T15:37:37","modified_gmt":"2023-09-14T15:37:37","slug":"quelles-finitions-choisir-pour-votre-mobilier-urbain-en-acier","status":"publish","type":"page","link":"https:\/\/cyria.net\/fr\/quelles-finitions-choisir-pour-votre-mobilier-urbain-en-acier\/","title":{"rendered":"Quelles finitions choisir pour votre mobilier urbain en acier ?"},"content":{"rendered":"","protected":false},"excerpt":{"rendered":"","protected":false},"author":1,"featured_media":0,"parent":0,"menu_order":0,"comment_status":"closed","ping_status":"closed","template":"page-templates\/article7.php","meta":{"_seopress_robots_primary_cat":"","_seopress_titles_title":"Finitions et Traitements | Mobilier Urbain en Acier | CYRIA","_seopress_titles_desc":"D\u00e9couvrez nos diff\u00e9rentes finitions pour votre mobilier urbain en acier thermolaqu\u00e9, acier Corten et acier inoxydable. CYRIA fabricant de mobilier urbain.","_seopress_robots_index":"","inline_featured_image":false,"footnotes":""},"class_list":["post-5611","page","type-page","status-publish","hentry"],"_links":{"self":[{"href":"https:\/\/cyria.net\/fr\/wp-json\/wp\/v2\/pages\/5611","targetHints":{"allow":["GET"]}}],"collection":[{"href":"https:\/\/cyria.net\/fr\/wp-json\/wp\/v2\/pages"}],"about":[{"href":"https:\/\/cyria.net\/fr\/wp-json\/wp\/v2\/types\/page"}],"author":[{"embeddable":true,"href":"https:\/\/cyria.net\/fr\/wp-json\/wp\/v2\/users\/1"}],"replies":[{"embeddable":true,"href":"https:\/\/cyria.net\/fr\/wp-json\/wp\/v2\/comments?post=5611"}],"version-history":[{"count":0,"href":"https:\/\/cyria.net\/fr\/wp-json\/wp\/v2\/pages\/5611\/revisions"}],"wp:attachment":[{"href":"https:\/\/cyria.net\/fr\/wp-json\/wp\/v2\/media?parent=5611"}],"curies":[{"name":"wp","href":"https:\/\/api.w.org\/{rel}","templated":true}]}}