{"id":9504,"date":"2023-03-08T09:26:50","date_gmt":"2023-03-08T09:26:50","guid":{"rendered":"https:\/\/cyria.net\/?page_id=9504"},"modified":"2023-11-24T14:14:02","modified_gmt":"2023-11-24T14:14:02","slug":"article","status":"publish","type":"page","link":"https:\/\/cyria.net\/fr\/article\/","title":{"rendered":"R\u00e9alisation de Projets de Mobilier Urbain Sur Mesure | CYRIA"},"content":{"rendered":"","protected":false},"excerpt":{"rendered":"<p>Accomplissez vos projets de mobilier urbain sur mesure avec CYRIA. De la conception \u00e0 l\\&#8217;installation, laissez nos experts transformer vos id\u00e9es en r\u00e9alit\u00e9.<\/p>\n","protected":false},"author":143,"featured_media":0,"parent":0,"menu_order":0,"comment_status":"closed","ping_status":"closed","template":"page-templates\/template-blog-cyria.php","meta":{"_seopress_robots_primary_cat":"","_seopress_titles_title":"%%post_title%%","_seopress_titles_desc":"%%post_excerpt%%","_seopress_robots_index":"","inline_featured_image":false,"footnotes":""},"class_list":["post-9504","page","type-page","status-publish","hentry"],"_links":{"self":[{"href":"https:\/\/cyria.net\/fr\/wp-json\/wp\/v2\/pages\/9504","targetHints":{"allow":["GET"]}}],"collection":[{"href":"https:\/\/cyria.net\/fr\/wp-json\/wp\/v2\/pages"}],"about":[{"href":"https:\/\/cyria.net\/fr\/wp-json\/wp\/v2\/types\/page"}],"author":[{"embeddable":true,"href":"https:\/\/cyria.net\/fr\/wp-json\/wp\/v2\/users\/143"}],"replies":[{"embeddable":true,"href":"https:\/\/cyria.net\/fr\/wp-json\/wp\/v2\/comments?post=9504"}],"version-history":[{"count":0,"href":"https:\/\/cyria.net\/fr\/wp-json\/wp\/v2\/pages\/9504\/revisions"}],"wp:attachment":[{"href":"https:\/\/cyria.net\/fr\/wp-json\/wp\/v2\/media?parent=9504"}],"curies":[{"name":"wp","href":"https:\/\/api.w.org\/{rel}","templated":true}]}}