{"id":1298,"date":"2022-05-03T07:36:14","date_gmt":"2022-05-03T07:36:14","guid":{"rendered":"https:\/\/cyria.net\/?page_id=1298"},"modified":"2024-04-09T14:18:08","modified_gmt":"2024-04-09T14:18:08","slug":"mentions-legales","status":"publish","type":"page","link":"https:\/\/cyria.net\/it\/punteggio-pieno\/","title":{"rendered":"Informazioni legali"},"content":{"rendered":"<div id=\"sliderML\" class=\"vc_row wpb_row vc_row-fluid\"><div class=\"wpb_column vc_column_container vc_col-sm-12\"><div class=\"vc_column-inner\"><div class=\"wpb_wrapper\">\n\t\t\t<!-- START Slider 13 COOKIES+ML REVOLUTION SLIDER 6.2.23 --><p class=\"rs-p-wp-fix\"><\/p>\n\t\t\t<rs-module-wrap id=\"rev_slider_43_1_wrapper\" data-source=\"gallery\" style=\"background:transparent;padding:0;margin:0px auto;margin-top:0;margin-bottom:0;\">\n\t\t\t\t<rs-module id=\"rev_slider_43_1\" style=\"\" data-version=\"6.2.23\">\n\t\t\t\t\t<rs-slides>\n\t\t\t\t\t\t<rs-slide data-key=\"rs-160\" data-title=\"Slide\" data-anim=\"ei:d;eo:d;s:1000;r:0;t:fade;sl:0;\">\n\t\t\t\t\t\t\t<img loading=\"lazy\" decoding=\"async\" src=\"\/\/cyria.net\/wp-content\/uploads\/2023\/10\/mobilier-urbain-design-aix-en-provence-cyria.jpg\" alt=\"Mobilier urbain en m\u00e9tal\" title=\"Acier thermolaqu\u00e9 | CYRIA &#8211; Mobilier urbain\" width=\"1920\" height=\"235\" class=\"rev-slidebg\" data-no-retina>\n<!--\n\t\t\t\t\t\t\t--><rs-layer\n\t\t\t\t\t\t\t\tid=\"slider-43-slide-160-layer-1\" \n\t\t\t\t\t\t\t\tdata-type=\"text\"\n\t\t\t\t\t\t\t\tdata-rsp_ch=\"on\"\n\t\t\t\t\t\t\t\tdata-xy=\"xo:278px,278px,278px,61px;yo:110px,110px,110px,24px;\"\n\t\t\t\t\t\t\t\tdata-text=\"w:normal;s:14,14,14,4;l:25,25,25,6;\"\n\t\t\t\t\t\t\t\tdata-frame_999=\"o:0;st:w;\"\n\t\t\t\t\t\t\t\tstyle=\"z-index:8;font-family:Muli;\"\n\t\t\t\t\t\t\t>Informazioni legali \n\t\t\t\t\t\t\t<\/rs-layer><!--\n-->\t\t\t\t\t\t<\/rs-slide>\n\t\t\t\t\t<\/rs-slides>\n\t\t\t\t<\/rs-module>\n\t\t\t<\/rs-module-wrap>\n\t\t\t<!-- END REVOLUTION SLIDER -->\n<\/div><\/div><\/div><\/div><div id=\"TEXTML\" class=\"vc_row wpb_row vc_row-fluid\"><div class=\"wpb_column vc_column_container vc_col-sm-12\"><div class=\"vc_column-inner\"><div class=\"wpb_wrapper\">\n\t<div class=\"wpb_text_column wpb_content_element  p2\" >\n\t\t<div class=\"wpb_wrapper\">\n\t\t\t<h1 style=\"text-align: center;font-weight: bold;font-size: 26px; font-weight: 700!important; line-height: 35px!important;color:#000;\">AVVISI LEGALI<\/h1>\n<hr class=\"hr1\" \/>\n<p><span style=\"font-weight: 400; font-size: 15px;\">Il sito web \"Cyria.net\" (di seguito indicato come \"\u00a0<\/span><b>Piattaforma<\/b><span style=\"font-weight: 400;\">(\"CYRIA\") \u00e8 pubblicato da CYRIA, societ\u00e0 per azioni semplificata, con sede legale a Mas de Sauveterre, 165 chemin de l'Aub\u00e8re, 13100 Aix-en-Provence (Francia).<\/span><span style=\"font-weight: 400;\">iscritta al Registre du Commerce et des Soci\u00e9t\u00e9s d'Aix-en-Provence al numero <\/span><span style=\"font-weight: 400;\">494 306 053<\/span> <span style=\"font-weight: 400;\">(di seguito denominato\u00a0<\/span><b>CYRIA <\/b><span style=\"font-weight: 400;\">\").<\/span><\/p>\n<hr \/>\n<p><span style=\"font-weight: 400; font-size: 15px;\">La piattaforma <\/span><span style=\"font-weight: 400;\">\u00e8 pubblicato da CYRIA. \u00c8 ospitato da Titan Datacenters France, situato al 45 All\u00e9e des Ormes E. Space Park B\u00e2timent D, 06250 Mougins.<\/span><\/p>\n<p><span style=\"font-weight: 400; font-size: 15px;\">Christophe Debr\u00e9geas <\/span><span style=\"font-weight: 400;\">\u00e8 il direttore delle pubblicazioni della Piattaforma.\u00a0<\/span><\/h5>\n<p><span style=\"font-weight: 400; font-size: 15px;\">CYRIA pu\u00f2 essere contattata all'indirizzo indicato in testa al presente documento, tramite il modulo di contatto disponibile sul sito web, via e-mail al seguente indirizzo <\/span><a href=\"mailto:contact@cyria.net\"><span style=\"font-weight: 400;\">contact@cyria.net<\/span><\/a><span style=\"font-weight: 400;\">\u00a0 o per telefono al +33(0)4 42 59 30 97.<\/span><\/p>\n<hr \/>\n<p><span style=\"font-weight: 400; font-size: 15px;\">Per informazioni sul trattamento dei vostri dati personali, vi invitiamo a consultare l'Informativa sulla privacy della Piattaforma.\u00a0<\/span><\/p>\n<hr \/>\n<p><span style=\"font-weight: 400; font-size: 15px;\">Per tutte le altre informazioni relative ai servizi offerti sulla Piattaforma, le Condizioni generali di utilizzo e vendita sono disponibili sulla Piattaforma.<\/span><\/p>\n\n\t\t<\/div>\n\t<\/div>\n<\/div><\/div><\/div><\/div>","protected":false},"excerpt":{"rendered":"Mentions l\u00e9gales MENTIONS L\u00c9GALES Le site internet \u00ab\u00a0Cyria.net\u00a0\u00bb (ci-apr\u00e8s d\u00e9sign\u00e9e la \u00ab\u00a0Plateforme\u00bb) est \u00e9dit\u00e9e par la soci\u00e9t\u00e9 CYRIA, soci\u00e9t\u00e9 par actions simplifi\u00e9e, dont le si\u00e8ge social est situ\u00e9 Mas de Sauveterre, 165 chemin de l\u2019Aub\u00e8re, 13100 Aix-en-Provence (France), immatricul\u00e9e au Registre du Commerce et des Soci\u00e9t\u00e9s d\u2019Aix-en-Provence sous le num\u00e9ro 494 306 053 (ci-apr\u00e8s d\u00e9nomm\u00e9e &hellip;","protected":false},"author":1,"featured_media":0,"parent":0,"menu_order":0,"comment_status":"closed","ping_status":"closed","template":"","meta":{"_seopress_robots_primary_cat":"","_seopress_titles_title":"Mentions L\u00e9gales | CYRIA Fabricant de Mobilier Urbain Design","_seopress_titles_desc":"Consultez les mentions l\u00e9gales de CYRIA, fabricant de mobilier urbain de qualit\u00e9. Informations juridiques et conditions d&#039;utilisation.","_seopress_robots_index":"","inline_featured_image":false,"footnotes":""},"class_list":["post-1298","page","type-page","status-publish","hentry"],"_links":{"self":[{"href":"https:\/\/cyria.net\/it\/wp-json\/wp\/v2\/pages\/1298","targetHints":{"allow":["GET"]}}],"collection":[{"href":"https:\/\/cyria.net\/it\/wp-json\/wp\/v2\/pages"}],"about":[{"href":"https:\/\/cyria.net\/it\/wp-json\/wp\/v2\/types\/page"}],"author":[{"embeddable":true,"href":"https:\/\/cyria.net\/it\/wp-json\/wp\/v2\/users\/1"}],"replies":[{"embeddable":true,"href":"https:\/\/cyria.net\/it\/wp-json\/wp\/v2\/comments?post=1298"}],"version-history":[{"count":0,"href":"https:\/\/cyria.net\/it\/wp-json\/wp\/v2\/pages\/1298\/revisions"}],"wp:attachment":[{"href":"https:\/\/cyria.net\/it\/wp-json\/wp\/v2\/media?parent=1298"}],"curies":[{"name":"wp","href":"https:\/\/api.w.org\/{rel}","templated":true}]}}