{"id":5605,"date":"2022-10-22T18:22:17","date_gmt":"2022-10-22T18:22:17","guid":{"rendered":"https:\/\/cyria.net\/?page_id=5605"},"modified":"2023-09-14T15:33:51","modified_gmt":"2023-09-14T15:33:51","slug":"les-materiaux-cyria-lacier","status":"publish","type":"page","link":"https:\/\/cyria.net\/it\/les-materiaux-cyria-lacier\/","title":{"rendered":"Materiali Cyria: Acciaio"},"content":{"rendered":"","protected":false},"excerpt":{"rendered":"","protected":false},"author":1,"featured_media":0,"parent":0,"menu_order":0,"comment_status":"closed","ping_status":"closed","template":"page-templates\/article4.php","meta":{"_seopress_robots_primary_cat":"","_seopress_titles_title":"Mat\u00e9riaux Durables | Mobilier Urbain | l&#039;Acier par CYRIA","_seopress_titles_desc":"D\u00e9couvrez les avantages de l&#039;acier thermolaqu\u00e9, l&#039;acier Corten et l&#039;acier inoxydable dans la conception de mobilier urbain durable et esth\u00e9tique avec CYRIA.","_seopress_robots_index":"","inline_featured_image":false,"footnotes":""},"class_list":["post-5605","page","type-page","status-publish","hentry"],"_links":{"self":[{"href":"https:\/\/cyria.net\/it\/wp-json\/wp\/v2\/pages\/5605","targetHints":{"allow":["GET"]}}],"collection":[{"href":"https:\/\/cyria.net\/it\/wp-json\/wp\/v2\/pages"}],"about":[{"href":"https:\/\/cyria.net\/it\/wp-json\/wp\/v2\/types\/page"}],"author":[{"embeddable":true,"href":"https:\/\/cyria.net\/it\/wp-json\/wp\/v2\/users\/1"}],"replies":[{"embeddable":true,"href":"https:\/\/cyria.net\/it\/wp-json\/wp\/v2\/comments?post=5605"}],"version-history":[{"count":0,"href":"https:\/\/cyria.net\/it\/wp-json\/wp\/v2\/pages\/5605\/revisions"}],"wp:attachment":[{"href":"https:\/\/cyria.net\/it\/wp-json\/wp\/v2\/media?parent=5605"}],"curies":[{"name":"wp","href":"https:\/\/api.w.org\/{rel}","templated":true}]}}