{"id":5617,"date":"2022-10-22T18:25:31","date_gmt":"2022-10-22T18:25:31","guid":{"rendered":"https:\/\/cyria.net\/?page_id=5617"},"modified":"2023-09-14T15:41:14","modified_gmt":"2023-09-14T15:41:14","slug":"leco-conception-par-cyria","status":"publish","type":"page","link":"https:\/\/cyria.net\/it\/leco-concezione-par-ciria\/","title":{"rendered":"Eco-design di Cyria"},"content":{"rendered":"","protected":false},"excerpt":{"rendered":"","protected":false},"author":1,"featured_media":0,"parent":0,"menu_order":0,"comment_status":"closed","ping_status":"closed","template":"page-templates\/article10.php","meta":{"_seopress_robots_primary_cat":"","_seopress_titles_title":"CYRIA | Mobilier Urbain \u00c9co-con\u00e7u | Design et Durable","_seopress_titles_desc":"CYRIA allie culture du design et \u00e9co-conception pour un mobilier urbain durable. Un engagement \u00e9cologique \u00e0 chaque \u00e9tape de notre processus de fabrication.","_seopress_robots_index":"","inline_featured_image":false,"footnotes":""},"class_list":["post-5617","page","type-page","status-publish","hentry"],"_links":{"self":[{"href":"https:\/\/cyria.net\/it\/wp-json\/wp\/v2\/pages\/5617","targetHints":{"allow":["GET"]}}],"collection":[{"href":"https:\/\/cyria.net\/it\/wp-json\/wp\/v2\/pages"}],"about":[{"href":"https:\/\/cyria.net\/it\/wp-json\/wp\/v2\/types\/page"}],"author":[{"embeddable":true,"href":"https:\/\/cyria.net\/it\/wp-json\/wp\/v2\/users\/1"}],"replies":[{"embeddable":true,"href":"https:\/\/cyria.net\/it\/wp-json\/wp\/v2\/comments?post=5617"}],"version-history":[{"count":0,"href":"https:\/\/cyria.net\/it\/wp-json\/wp\/v2\/pages\/5617\/revisions"}],"wp:attachment":[{"href":"https:\/\/cyria.net\/it\/wp-json\/wp\/v2\/media?parent=5617"}],"curies":[{"name":"wp","href":"https:\/\/api.w.org\/{rel}","templated":true}]}}